{"id":703,"date":"2024-04-22T14:50:51","date_gmt":"2024-04-22T17:50:51","guid":{"rendered":"https:\/\/internationalskin.com.br\/?page_id=703"},"modified":"2024-04-22T15:53:45","modified_gmt":"2024-04-22T18:53:45","slug":"marca-propria","status":"publish","type":"page","link":"https:\/\/internationalskin.com.br\/es\/marca-propria\/","title":{"rendered":"Marca privada"},"content":{"rendered":"<div data-elementor-type=\"wp-page\" data-elementor-id=\"703\" class=\"elementor elementor-703\" data-elementor-post-type=\"page\">\n\t\t\t\t\t\t\t\t\t<section class=\"elementor-section elementor-top-section elementor-element elementor-element-ffb89c1 elementor-section-full_width elementor-section-height-default elementor-section-height-default parallax_section_no qode_elementor_container_no\" data-id=\"ffb89c1\" data-element_type=\"section\">\n\t\t\t\t\t\t<div class=\"elementor-container elementor-column-gap-no\">\n\t\t\t\t\t<div class=\"elementor-column elementor-col-100 elementor-top-column elementor-element elementor-element-58833bf\" data-id=\"58833bf\" data-element_type=\"column\">\n\t\t\t<div class=\"elementor-widget-wrap elementor-element-populated\">\n\t\t\t\t\t\t\t\t<div class=\"elementor-element elementor-element-d71bbae elementor-widget elementor-widget-slider_revolution\" data-id=\"d71bbae\" data-element_type=\"widget\" data-widget_type=\"slider_revolution.default\">\n\t\t\t\t<div class=\"elementor-widget-container\">\n\t\t\t\n\t\t<div class=\"wp-block-themepunch-revslider\">\n\t\t\t<!-- START HomeSlider REVOLUTION SLIDER 6.6.20 --><p class=\"rs-p-wp-fix\"><\/p>\n\t\t\t<rs-module-wrap id=\"rev_slider_1_1_wrapper\" data-source=\"gallery\" style=\"visibility:hidden;background:#b9bda6;padding:0;margin:0px auto;margin-top:0;margin-bottom:0;\">\n\t\t\t\t<rs-module id=\"rev_slider_1_1\" style=\"\" data-version=\"6.6.20\">\n\t\t\t\t\t<rs-slides style=\"overflow: hidden; position: absolute;\">\n\t\t\t\t\t\t<rs-slide style=\"position: absolute;\" data-key=\"rs-1\" data-title=\"Slide\" data-in=\"o:0;\" data-out=\"a:false;\">\n\t\t\t\t\t\t\t<img fetchpriority=\"high\" decoding=\"async\" src=\"\/\/internationalskin.com.br\/wp-content\/plugins\/revslider\/public\/assets\/assets\/dummy.png\" alt=\"congressos\" title=\"congressos\" width=\"1920\" height=\"1021\" class=\"rev-slidebg tp-rs-img rs-lazyload\" data-lazyload=\"\/\/img.youtube.com\/vi\/tZ160hgPqtg\/sddefault.jpg\" data-no-retina>\n\t\t\t\t\t\t\t<rs-bgvideo \n\t\t\t\t\t\t\t\tdata-video=\"vc:none;w:100%;h:100%;nse:false;l:true;ptimer:false;\"\n\t\t\t\t\t\t\t\tdata-ytid=\"tZ160hgPqtg\"\n\t\t\t\t\t\t\t\tdata-vatr=\"version=3&amp;enablejsapi=1&amp;html5=1&amp;hd=1&amp;wmode=opaque&amp;showinfo=0&amp;rel=0&amp;origin=https:\/\/internationalskin.com.br;\"\n\t\t\t\t\t\t\t><\/rs-bgvideo>\n<!---->\t\t\t\t\t\t<\/rs-slide>\n\t\t\t\t\t<\/rs-slides>\n\t\t\t\t\t<rs-static-layers><!--\n\n\t\t\t\t\t\t\t--><rs-layer\n\t\t\t\t\t\t\t\tid=\"slider-1-slide-1-layer-0\" \n\t\t\t\t\t\t\t\tclass=\"rs-layer-static\"\n\t\t\t\t\t\t\t\tdata-type=\"image\"\n\t\t\t\t\t\t\t\tdata-xy=\"xo:0,0,0,19px;y:b;yo:50px,50px,50px,30px;\"\n\t\t\t\t\t\t\t\tdata-text=\"w:normal;s:20,20,20,9;l:0,0,0,12;\"\n\t\t\t\t\t\t\t\tdata-dim=\"w:363px,363px,363px,280px;h:175px,175px,175px,135px;\"\n\t\t\t\t\t\t\t\tdata-vbility=\"t,t,f,f\"\n\t\t\t\t\t\t\t\tdata-rsp_o=\"off\"\n\t\t\t\t\t\t\t\tdata-rsp_bd=\"off\"\n\t\t\t\t\t\t\t\tdata-onslides=\"s:1;\"\n\t\t\t\t\t\t\t\tdata-frame_0=\"y:50;\"\n\t\t\t\t\t\t\t\tdata-frame_1=\"e:power1.out;st:300;sp:500;\"\n\t\t\t\t\t\t\t\tdata-frame_999=\"o:0;st:w;\"\n\t\t\t\t\t\t\t\tstyle=\"z-index:5;\"\n\t\t\t\t\t\t\t><img decoding=\"async\" src=\"\/\/internationalskin.com.br\/wp-content\/plugins\/revslider\/public\/assets\/assets\/dummy.png\" alt=\"m\" class=\"tp-rs-img rs-lazyload\" width=\"363\" height=\"175\" data-lazyload=\"\/\/internationalskin.com.br\/wp-content\/uploads\/2020\/06\/slider-img-2.jpg\" data-no-retina> \n\t\t\t\t\t\t\t<\/rs-layer><!--\n\n\t\t\t\t\t\t\t--><rs-layer\n\t\t\t\t\t\t\t\tid=\"slider-1-slide-1-layer-2\" \n\t\t\t\t\t\t\t\tclass=\"rs-layer-static\"\n\t\t\t\t\t\t\t\tdata-type=\"text\"\n\t\t\t\t\t\t\t\tdata-color=\"#333333\"\n\t\t\t\t\t\t\t\tdata-xy=\"xo:22px,22px,22px,18px;y:b;yo:89px,89px,89px,45px;\"\n\t\t\t\t\t\t\t\tdata-text=\"w:normal;s:16;a:center;\"\n\t\t\t\t\t\t\t\tdata-dim=\"w:317px,317px,317px,282px;h:96px,96px,96px,auto;\"\n\t\t\t\t\t\t\t\tdata-vbility=\"t,t,f,f\"\n\t\t\t\t\t\t\t\tdata-rsp_o=\"off\"\n\t\t\t\t\t\t\t\tdata-rsp_bd=\"off\"\n\t\t\t\t\t\t\t\tdata-onslides=\"s:1;\"\n\t\t\t\t\t\t\t\tdata-frame_0=\"y:50;\"\n\t\t\t\t\t\t\t\tdata-frame_1=\"e:power1.out;st:700;sp:500;\"\n\t\t\t\t\t\t\t\tdata-frame_999=\"o:0;st:w;\"\n\t\t\t\t\t\t\t\tstyle=\"z-index:7;font-family:'Montserrat';\"\n\t\t\t\t\t\t\t>Nuestra mayor experiencia es <br \/>\n<strong>lanzar y posicionar productos<\/strong> <br \/>\ndermatol\u00f3gico<br \/>\nen el mercado brasile\u00f1o.  \n\t\t\t\t\t\t\t<\/rs-layer><!--\n\t\t\t\t\t--><\/rs-static-layers>\n\t\t\t\t<\/rs-module>\n\t\t\t\t<script>\n\t\t\t\t\tsetREVStartSize({c: 'rev_slider_1_1',rl:[1240,1240,1240,480],el:[721,721,721,421],gw:[1300,1300,1300,767],gh:[721,721,721,421],type:'standard',justify:'',layout:'fullwidth',mh:\"0\"});if (window.RS_MODULES!==undefined && window.RS_MODULES.modules!==undefined && window.RS_MODULES.modules[\"revslider11\"]!==undefined) {window.RS_MODULES.modules[\"revslider11\"].once = false;window.revapi1 = undefined;if (window.RS_MODULES.checkMinimal!==undefined) window.RS_MODULES.checkMinimal()}\n\t\t\t\t<\/script>\n\t\t\t\t<script src=\"https:\/\/www.youtube.com\/iframe_api\"><\/script>\n\t\t\t<\/rs-module-wrap>\n\t\t\t<!-- END REVOLUTION SLIDER -->\n<\/div>\n\n\t\t\t\t<\/div>\n\t\t\t\t<\/div>\n\t\t\t\t\t<\/div>\n\t\t<\/div>\n\t\t\t\t\t\t\t<\/div>\n\t\t<\/section>\n\t\t<div class=\"elementor-element elementor-element-24e94d6 e-con-full elementor-hidden-desktop elementor-hidden-tablet e-flex parallax_section_no qode_elementor_container_no e-con e-parent\" data-id=\"24e94d6\" data-element_type=\"container\" data-settings=\"{&quot;content_width&quot;:&quot;full&quot;,&quot;background_background&quot;:&quot;classic&quot;}\" data-core-v316-plus=\"true\">\n\t\t\t\t<div class=\"elementor-element elementor-element-552614e elementor-widget elementor-widget-text-editor\" data-id=\"552614e\" data-element_type=\"widget\" data-widget_type=\"text-editor.default\">\n\t\t\t\t<div class=\"elementor-widget-container\">\n\t\t\t<style>\/*! elementor - v3.18.0 - 20-12-2023 *\/\n.elementor-widget-text-editor.elementor-drop-cap-view-stacked .elementor-drop-cap{background-color:#69727d;color:#fff}.elementor-widget-text-editor.elementor-drop-cap-view-framed .elementor-drop-cap{color:#69727d;border:3px solid;background-color:transparent}.elementor-widget-text-editor:not(.elementor-drop-cap-view-default) .elementor-drop-cap{margin-top:8px}.elementor-widget-text-editor:not(.elementor-drop-cap-view-default) .elementor-drop-cap-letter{width:1em;height:1em}.elementor-widget-text-editor .elementor-drop-cap{float:left;text-align:center;line-height:1;font-size:50px}.elementor-widget-text-editor .elementor-drop-cap-letter{display:inline-block}<\/style>\t\t\t\tNuestra mayor experiencia es \n<strong>lanzar y posicionar productos<\/strong> \ndermatol\u00f3gicos\nno mercado brasileiro. \t\t\t\t\t\t<\/div>\n\t\t\t\t<\/div>\n\t\t\t\t<\/div>\n\t\t\t\t<section class=\"elementor-section elementor-top-section elementor-element elementor-element-7615ea5 qode_elementor_container_inner elementor-section-boxed elementor-section-height-default elementor-section-height-default parallax_section_no\" data-id=\"7615ea5\" data-element_type=\"section\">\n\t\t\t\t\t\t<div class=\"elementor-container elementor-column-gap-no\">\n\t\t\t\t\t<div class=\"elementor-column elementor-col-100 elementor-top-column elementor-element elementor-element-48a0267\" data-id=\"48a0267\" data-element_type=\"column\">\n\t\t\t<div class=\"elementor-widget-wrap elementor-element-populated\">\n\t\t\t\t\t\t\t\t<div class=\"elementor-element elementor-element-72cd27a elementor-widget elementor-widget-text-editor\" data-id=\"72cd27a\" data-element_type=\"widget\" data-widget_type=\"text-editor.default\">\n\t\t\t\t<div class=\"elementor-widget-container\">\n\t\t\t\t\t\t\tMarca privada\t\t\t\t\t\t<\/div>\n\t\t\t\t<\/div>\n\t\t\t\t\t<\/div>\n\t\t<\/div>\n\t\t\t\t\t\t\t<\/div>\n\t\t<\/section>\n\t\t\t\t<section class=\"elementor-section elementor-top-section elementor-element elementor-element-6fdabd3 qode_elementor_container_inner elementor-section-content-middle elementor-section-stretched elementor-section-boxed elementor-section-height-default elementor-section-height-default parallax_section_no\" data-id=\"6fdabd3\" data-element_type=\"section\" data-settings=\"{&quot;stretch_section&quot;:&quot;section-stretched&quot;,&quot;background_background&quot;:&quot;classic&quot;}\">\n\t\t\t\t\t\t<div class=\"elementor-container elementor-column-gap-no\">\n\t\t\t\t\t<div class=\"elementor-column elementor-col-100 elementor-top-column elementor-element elementor-element-ad8ba26\" data-id=\"ad8ba26\" data-element_type=\"column\">\n\t\t\t<div class=\"elementor-widget-wrap elementor-element-populated\">\n\t\t\t\t\t\t\t\t<div class=\"elementor-element elementor-element-40f15b5 elementor-widget elementor-widget-text-editor\" data-id=\"40f15b5\" data-element_type=\"widget\" data-widget_type=\"text-editor.default\">\n\t\t\t\t<div class=\"elementor-widget-container\">\n\t\t\t\t\t\t\t<p><span style=\"color: #ffffff;\">En International Skin, no solo desarrollamos nuestros propios productos, sino que tambi\u00e9n ofrecemos servicios de fabricaci\u00f3n por contrato. Fabricamos sus productos en los mejores laboratorios asociados de Europa de acuerdo con los m\u00e1s rigurosos est\u00e1ndares internacionales de calidad y tecnolog\u00eda farmac\u00e9utica.<\/span><\/p>\t\t\t\t\t\t<\/div>\n\t\t\t\t<\/div>\n\t\t\t\t\t<\/div>\n\t\t<\/div>\n\t\t\t\t\t\t\t<\/div>\n\t\t<\/section>\n\t\t\t\t<section class=\"elementor-section elementor-top-section elementor-element elementor-element-78eaa73 qode_elementor_container_inner elementor-section-content-middle elementor-section-stretched elementor-section-boxed elementor-section-height-default elementor-section-height-default parallax_section_no\" data-id=\"78eaa73\" data-element_type=\"section\" data-settings=\"{&quot;stretch_section&quot;:&quot;section-stretched&quot;}\">\n\t\t\t\t\t\t<div class=\"elementor-container elementor-column-gap-no\">\n\t\t\t\t\t<div class=\"elementor-column elementor-col-100 elementor-top-column elementor-element elementor-element-43112b0\" data-id=\"43112b0\" data-element_type=\"column\">\n\t\t\t<div class=\"elementor-widget-wrap elementor-element-populated\">\n\t\t\t\t\t\t\t\t<div class=\"elementor-element elementor-element-d7a99bd elementor-widget elementor-widget-text-editor\" data-id=\"d7a99bd\" data-element_type=\"widget\" data-widget_type=\"text-editor.default\">\n\t\t\t\t<div class=\"elementor-widget-container\">\n\t\t\t\t\t\t\t<p>International Skin tiene m\u00e1s de 30 a\u00f1os de experiencia en f\u00f3rmulas para la industria dermatol\u00f3gica y cosm\u00e9tica. Atendemos a empresas que necesitan tener productos diferenciados en sus mercados y seducir a sus clientes.\u00a0<\/p>\t\t\t\t\t\t<\/div>\n\t\t\t\t<\/div>\n\t\t\t\t\t<\/div>\n\t\t<\/div>\n\t\t\t\t\t\t\t<\/div>\n\t\t<\/section>\n\t\t\t\t<section class=\"elementor-section elementor-top-section elementor-element elementor-element-db06722 elementor-section-full_width elementor-section-height-default elementor-section-height-default parallax_section_no qode_elementor_container_no\" data-id=\"db06722\" data-element_type=\"section\" data-settings=\"{&quot;background_background&quot;:&quot;classic&quot;}\">\n\t\t\t\t\t\t\t<div class=\"elementor-background-overlay\"><\/div>\n\t\t\t\t\t\t\t<div class=\"elementor-container elementor-column-gap-no\">\n\t\t\t\t\t<div class=\"elementor-column elementor-col-100 elementor-top-column elementor-element elementor-element-a210b21\" data-id=\"a210b21\" data-element_type=\"column\">\n\t\t\t<div class=\"elementor-widget-wrap elementor-element-populated\">\n\t\t\t\t\t\t\t\t<div class=\"elementor-element elementor-element-1a3bfac elementor-widget elementor-widget-heading\" data-id=\"1a3bfac\" data-element_type=\"widget\" data-widget_type=\"heading.default\">\n\t\t\t\t<div class=\"elementor-widget-container\">\n\t\t\t<style>\/*! elementor - v3.18.0 - 20-12-2023 *\/\n.elementor-heading-title{padding:0;margin:0;line-height:1}.elementor-widget-heading .elementor-heading-title[class*=elementor-size-]>a{color:inherit;font-size:inherit;line-height:inherit}.elementor-widget-heading .elementor-heading-title.elementor-size-small{font-size:15px}.elementor-widget-heading .elementor-heading-title.elementor-size-medium{font-size:19px}.elementor-widget-heading .elementor-heading-title.elementor-size-large{font-size:29px}.elementor-widget-heading .elementor-heading-title.elementor-size-xl{font-size:39px}.elementor-widget-heading .elementor-heading-title.elementor-size-xxl{font-size:59px}<\/style><h2 class=\"elementor-heading-title elementor-size-default\">FABRICAMOS <a style=\"color:white!important\">PRODUCTOS<br \/>\nESPECIALES<\/a> PARA CLIENTES<br \/>\nQUE BUSCAN DIFERENCIALES<br \/>\nMERCADO.<\/h2>\t\t<\/div>\n\t\t\t\t<\/div>\n\t\t\t\t\t<\/div>\n\t\t<\/div>\n\t\t\t\t\t\t\t<\/div>\n\t\t<\/section>\n\t\t\t\t<section class=\"elementor-section elementor-top-section elementor-element elementor-element-2011f7a qode_elementor_container_inner elementor-section-content-middle elementor-section-stretched elementor-section-boxed elementor-section-height-default elementor-section-height-default parallax_section_no\" data-id=\"2011f7a\" data-element_type=\"section\" data-settings=\"{&quot;stretch_section&quot;:&quot;section-stretched&quot;}\">\n\t\t\t\t\t\t<div class=\"elementor-container elementor-column-gap-no\">\n\t\t\t\t\t<div class=\"elementor-column elementor-col-100 elementor-top-column elementor-element elementor-element-e4d17bb\" data-id=\"e4d17bb\" data-element_type=\"column\">\n\t\t\t<div class=\"elementor-widget-wrap elementor-element-populated\">\n\t\t\t\t\t\t\t\t<div class=\"elementor-element elementor-element-b2c4c8e elementor-widget elementor-widget-text-editor\" data-id=\"b2c4c8e\" data-element_type=\"widget\" data-widget_type=\"text-editor.default\">\n\t\t\t\t<div class=\"elementor-widget-container\">\n\t\t\t\t\t\t\t<p>Nuestro prop\u00f3sito es entender la realidad y verdaderas necesidades de nuestros clientes para crear un producto que cumpla con sus expectativas, especialmente en lo que respecta a la biodisponibilidad de los ingredientes activos, creando productos verdaderamente mejorados.<\/p><p>\u00a0<\/p><p>Siempre guiados por la ciencia, nuestros t\u00e9cnicos de formulaci\u00f3n est\u00e1n altamente capacitados para desempe\u00f1arse de manera excelente en todas las etapas del proceso de desarrollo.<\/p><p>\u00a0<\/p><p>No en vano ISS es una de las empresas m\u00e1s fiables y respetadas del sector. Son d\u00e9cadas de dedicaci\u00f3n, construcci\u00f3n de historia en asociaci\u00f3n con clientes como usted y siempre produciendo productos de vanguardia y extremadamente eficientes.<\/p>\t\t\t\t\t\t<\/div>\n\t\t\t\t<\/div>\n\t\t\t\t\t<\/div>\n\t\t<\/div>\n\t\t\t\t\t\t\t<\/div>\n\t\t<\/section>\n\t\t<div class=\"elementor-element elementor-element-ed3e2d8 e-flex e-con-boxed parallax_section_no qode_elementor_container_no e-con e-parent\" data-id=\"ed3e2d8\" data-element_type=\"container\" data-settings=\"{&quot;content_width&quot;:&quot;boxed&quot;}\" data-core-v316-plus=\"true\">\n\t\t\t\t\t<div class=\"e-con-inner\">\n\t\t\t\t<div class=\"elementor-element elementor-element-c7cd831 elementor-widget elementor-widget-qi_addons_for_elementor_tabs_horizontal\" data-id=\"c7cd831\" data-element_type=\"widget\" data-widget_type=\"qi_addons_for_elementor_tabs_horizontal.default\">\n\t\t\t\t<div class=\"elementor-widget-container\">\n\t\t\t<div class=\"qodef-shortcode qodef-m  qodef-qi-tabs-horizontal qodef-qi-clear qodef-layout--simple qodef-title-hover--underline-draw qodef-title-underline-from-left\">\n\t<ul class=\"qodef-tabs-horizontal-navigation\">\n\t\t<li>\n\t<h5 class=\"qodef-tab-title\">\n\t\t<a href=\"#qodef-tab-6e46ac1\">\n\t\t\t<span class=\"q-text\">\n\t\t\t\tSERVICIO COMPLETO\t\t\t<\/span>\n\t\t<\/a>\n\t<\/h5>\n<\/li>\n<li>\n\t<h5 class=\"qodef-tab-title\">\n\t\t<a href=\"#qodef-tab-bae43bd\">\n\t\t\t<span class=\"q-text\">\n\t\t\t\tESPECIALISTA EN TRATAMIENTOS PARA\t\t\t<\/span>\n\t\t<\/a>\n\t<\/h5>\n<\/li>\n<li>\n\t<h5 class=\"qodef-tab-title\">\n\t\t<a href=\"#qodef-tab-fd0db7d\">\n\t\t\t<span class=\"q-text\">\n\t\t\t\tLISTA DE LO QUE PODEMOS PRODUCIR\t\t\t<\/span>\n\t\t<\/a>\n\t<\/h5>\n<\/li>\n\t<\/ul>\n\t<div class=\"qodef-tabs-horizontal-content\" id=\"qodef-tab-6e46ac1\">\n\t<ul><li>I+D+I<\/li><li>Formulaci\u00f3n<\/li><li>Pruebas de estabilidad<\/li><li>Control de calidad<\/li><li>Selecci\u00f3n de embalaje<\/li><li>Fabricaci\u00f3n<\/li><li>Requisitos reglamentarios (excluido PIF)<\/li><li>Servicios de registro y documentaci\u00f3n<\/li><li>Apoyo m\u00e9dico<\/li><li>Soporte de servicio postventa<\/li><\/ul><\/div>\n<div class=\"qodef-tabs-horizontal-content\" id=\"qodef-tab-bae43bd\">\n\t<p>Nos especializamos en el desarrollo de productos para tratar la piel envejecida, as\u00ed como una amplia gama de problemas de la piel.<\/p><p>\u00a0<\/p><ul><li>Envejecimiento de la piel<\/li><li>Arrugas<\/li><li>Flaccidez<\/li><li>Hiperpigmentaci\u00f3n<\/li><li>Celulitis<\/li><li>Grasa localizada<\/li><li>Acn\u00e9<\/li><li>Ros\u00e1cea<\/li><li>Alopecia<\/li><\/ul><\/div>\n<div class=\"qodef-tabs-horizontal-content\" id=\"qodef-tab-fd0db7d\">\n\t<ul><li><strong>Jeringas precargadas:<\/strong> Tecnolog\u00eda conforme a ISO 13485. Llenado y sellado de jeringas precargadas con producto l\u00edquido y viscoso listo para usar.<\/li><li><strong>Productos de entrega transd\u00e9rmica:<\/strong> Tecnolog\u00eda avanzada seg\u00fan ISO 13485 y 22716 que ayuda a que los principios activos contenidos en nuestros productos lleguen a las capas m\u00e1s profundas de la piel de forma segura.<\/li><li><strong>Peelings qu\u00edmicos:<\/strong> Desarrollo de productos para la exfoliaci\u00f3n de la piel cumpliendo con las normas ISO 13485 y 22716. Estas f\u00f3rmulas est\u00e1n compuestas por concentraciones precisas de poderosos ingredientes activos y brindan resultados seguros y efectivos.<\/li><li><strong>Productos liofilizados:<\/strong> Seg\u00fan la norma ISO 13485, estos productos no son estables en estado l\u00edquido y, por tanto, deben liofilizarse. Se pueden emulsionar f\u00e1cilmente con soluci\u00f3n salina antes de su uso.<\/li><li><strong>Cremas para Tratamientos Espec\u00edficos y Rutina de Cuidado Facial:<\/strong> Formulaci\u00f3n y fabricaci\u00f3n de una amplia gama de productos para el cuidado de la piel de acuerdo con la norma ISO 22716.<\/li><\/ul><\/div>\n<\/div>\n\t\t<\/div>\n\t\t\t\t<\/div>\n\t\t\t\t\t<\/div>\n\t\t\t\t<\/div>\n\t\t\t\t<section class=\"elementor-section elementor-top-section elementor-element elementor-element-11f342d elementor-section-full_width elementor-section-height-default elementor-section-height-default parallax_section_no qode_elementor_container_no\" data-id=\"11f342d\" data-element_type=\"section\" id=\"contato\" data-settings=\"{&quot;background_background&quot;:&quot;classic&quot;}\">\n\t\t\t\t\t\t\t<div class=\"elementor-background-overlay\"><\/div>\n\t\t\t\t\t\t\t<div class=\"elementor-container elementor-column-gap-no\">\n\t\t\t\t\t<div class=\"elementor-column elementor-col-100 elementor-top-column elementor-element elementor-element-94f0d06\" data-id=\"94f0d06\" data-element_type=\"column\">\n\t\t\t<div class=\"elementor-widget-wrap elementor-element-populated\">\n\t\t\t\t\t\t\t\t<div class=\"elementor-element elementor-element-10cff32 elementor-widget elementor-widget-heading\" data-id=\"10cff32\" data-element_type=\"widget\" data-widget_type=\"heading.default\">\n\t\t\t\t<div class=\"elementor-widget-container\">\n\t\t\t<h2 class=\"elementor-heading-title elementor-size-default\"><a hef=\"https:\/\/api.whatsapp.com\/send?phone=5511939600936\" target=\"_blank\">ENTRE EN CONTACTO<br \/>\nPARA M\u00c1S <br \/>\nINFORMACI\u00d3N<br \/><a style=\"color:white!important\">\u00bfVAMOS A HABLAR?<\/a><\/a>\n\n \n<\/h2>\t\t<\/div>\n\t\t\t\t<\/div>\n\t\t\t\t\t<\/div>\n\t\t<\/div>\n\t\t\t\t\t\t\t<\/div>\n\t\t<\/section>\n\t\t\t\t\t\t\t<\/div>","protected":false},"excerpt":{"rendered":"<p>Nossa maior expertise \u00e9 lan\u00e7ar e posicionar produtos dermatol\u00f3gicos no mercado brasileiro. Marca Pr\u00f3pria Na International Skin, n\u00e3o s\u00f3 desenvolvemos os nossos pr\u00f3prios produtos, mas tamb\u00e9m oferecemos servi\u00e7os de fabrica\u00e7\u00e3o terceirizada. Fabricamos seus produtos nos melhores laborat\u00f3rios parceiros da Europa de acordo com os padr\u00f5es&#8230;<\/p>","protected":false},"author":1,"featured_media":0,"parent":0,"menu_order":0,"comment_status":"closed","ping_status":"closed","template":"full_width.php","meta":{"footnotes":""},"_links":{"self":[{"href":"https:\/\/internationalskin.com.br\/es\/wp-json\/wp\/v2\/pages\/703"}],"collection":[{"href":"https:\/\/internationalskin.com.br\/es\/wp-json\/wp\/v2\/pages"}],"about":[{"href":"https:\/\/internationalskin.com.br\/es\/wp-json\/wp\/v2\/types\/page"}],"author":[{"embeddable":true,"href":"https:\/\/internationalskin.com.br\/es\/wp-json\/wp\/v2\/users\/1"}],"replies":[{"embeddable":true,"href":"https:\/\/internationalskin.com.br\/es\/wp-json\/wp\/v2\/comments?post=703"}],"version-history":[{"count":10,"href":"https:\/\/internationalskin.com.br\/es\/wp-json\/wp\/v2\/pages\/703\/revisions"}],"predecessor-version":[{"id":763,"href":"https:\/\/internationalskin.com.br\/es\/wp-json\/wp\/v2\/pages\/703\/revisions\/763"}],"wp:attachment":[{"href":"https:\/\/internationalskin.com.br\/es\/wp-json\/wp\/v2\/media?parent=703"}],"curies":[{"name":"wp","href":"https:\/\/api.w.org\/{rel}","templated":true}]}}